{"id":2908,"date":"2026-01-02T16:01:41","date_gmt":"2026-01-02T15:01:41","guid":{"rendered":"https:\/\/www.bbqpartseurope.eu\/charcoal-barbecues\/weber\/summit-kamado\/"},"modified":"2026-02-06T11:40:01","modified_gmt":"2026-02-06T10:40:01","slug":"summit-kamado","status":"publish","type":"page","link":"https:\/\/www.bbqpartseurope.eu\/en\/charcoal-barbecues\/weber\/summit-kamado\/","title":{"rendered":"Summit Houtskoolbarbecue"},"content":{"rendered":"<p>De Weber Summit houtskoolbarbecue staat bekend als het topsegment binnen de houtskoolbarbecues en biedt maximale controle, capaciteit en prestaties. Dit model is ideaal voor fanatieke barbecue\u00ebrs die willen grillen, roken \u00e9n slow cooken op \u00e9\u00e9n barbecue. Bij BBQ Parts Europe vind je een uitgebreid assortiment originele Weber Summit onderdelen en accessoires, perfect afgestemd op deze premium houtskoolbarbecue. Van GBS-grillroosters en houtskoolhouders tot ventilatiesystemen, afdichtingen en handgrepen: alles om je Summit in optimale conditie te houden. Door onderdelen tijdig te vervangen, verleng je de levensduur en blijf je genieten van perfecte barbecue\u00adresultaten.<\/p>\n","protected":false},"excerpt":{"rendered":"<p>De Weber Summit houtskoolbarbecue staat bekend als het topsegment binnen de houtskoolbarbecues en biedt maximale controle, capaciteit en prestaties. Dit model is ideaal voor fanatieke barbecue\u00ebrs die willen grillen, roken \u00e9n slow cooken op \u00e9\u00e9n barbecue. Bij BBQ Parts Europe vind je een uitgebreid assortiment originele Weber Summit onderdelen en accessoires, perfect afgestemd op deze [&hellip;]<\/p>\n","protected":false},"author":1,"featured_media":320,"parent":329,"menu_order":54,"comment_status":"closed","ping_status":"closed","template":"page-parts-series.php","meta":{"_acf_changed":false,"inline_featured_image":false,"footnotes":""},"class_list":["post-2908","page","type-page","status-publish","has-post-thumbnail","hentry"],"acf":[],"yoast_head":"<!-- This site is optimized with the Yoast SEO plugin v26.9 - https:\/\/yoast.com\/product\/yoast-seo-wordpress\/ -->\n<title>Summit Houtskoolbarbecue &#8211; BBQPARTS EUROPE<\/title>\n<meta name=\"robots\" content=\"index, follow, max-snippet:-1, max-image-preview:large, max-video-preview:-1\" \/>\n<link rel=\"canonical\" href=\"https:\/\/www.bbqpartseurope.eu\/en\/charcoal-barbecues\/weber\/summit-kamado\/\" \/>\n<meta property=\"og:locale\" content=\"en_US\" \/>\n<meta property=\"og:type\" content=\"article\" \/>\n<meta property=\"og:title\" content=\"Summit Houtskoolbarbecue &#8211; BBQPARTS EUROPE\" \/>\n<meta property=\"og:description\" content=\"De Weber Summit houtskoolbarbecue staat bekend als het topsegment binnen de houtskoolbarbecues en biedt maximale controle, capaciteit en prestaties. Dit model is ideaal voor fanatieke barbecue\u00ebrs die willen grillen, roken \u00e9n slow cooken op \u00e9\u00e9n barbecue. Bij BBQ Parts Europe vind je een uitgebreid assortiment originele Weber Summit onderdelen en accessoires, perfect afgestemd op deze [&hellip;]\" \/>\n<meta property=\"og:url\" content=\"https:\/\/www.bbqpartseurope.eu\/en\/charcoal-barbecues\/weber\/summit-kamado\/\" \/>\n<meta property=\"og:site_name\" content=\"BBQPARTS EUROPE\" \/>\n<meta property=\"article:modified_time\" content=\"2026-02-06T10:40:01+00:00\" \/>\n<meta property=\"og:image\" content=\"https:\/\/www.bbqpartseurope.eu\/wp-content\/uploads\/2026\/01\/kamado.png\" \/>\n\t<meta property=\"og:image:width\" content=\"600\" \/>\n\t<meta property=\"og:image:height\" content=\"600\" \/>\n\t<meta property=\"og:image:type\" content=\"image\/png\" \/>\n<meta name=\"twitter:card\" content=\"summary_large_image\" \/>\n<meta name=\"twitter:label1\" content=\"Est. reading time\" \/>\n\t<meta name=\"twitter:data1\" content=\"1 minute\" \/>\n<script type=\"application\/ld+json\" class=\"yoast-schema-graph\">{\"@context\":\"https:\/\/schema.org\",\"@graph\":[{\"@type\":\"WebPage\",\"@id\":\"https:\/\/www.bbqpartseurope.eu\/en\/charcoal-barbecues\/weber\/summit-kamado\/\",\"url\":\"https:\/\/www.bbqpartseurope.eu\/en\/charcoal-barbecues\/weber\/summit-kamado\/\",\"name\":\"Summit Houtskoolbarbecue &#8211; BBQPARTS EUROPE\",\"isPartOf\":{\"@id\":\"https:\/\/www.bbqpartseurope.eu\/en\/#website\"},\"primaryImageOfPage\":{\"@id\":\"https:\/\/www.bbqpartseurope.eu\/en\/charcoal-barbecues\/weber\/summit-kamado\/#primaryimage\"},\"image\":{\"@id\":\"https:\/\/www.bbqpartseurope.eu\/en\/charcoal-barbecues\/weber\/summit-kamado\/#primaryimage\"},\"thumbnailUrl\":\"https:\/\/www.bbqpartseurope.eu\/wp-content\/uploads\/2026\/01\/kamado.png\",\"datePublished\":\"2026-01-02T15:01:41+00:00\",\"dateModified\":\"2026-02-06T10:40:01+00:00\",\"breadcrumb\":{\"@id\":\"https:\/\/www.bbqpartseurope.eu\/en\/charcoal-barbecues\/weber\/summit-kamado\/#breadcrumb\"},\"inLanguage\":\"en-US\",\"potentialAction\":[{\"@type\":\"ReadAction\",\"target\":[\"https:\/\/www.bbqpartseurope.eu\/en\/charcoal-barbecues\/weber\/summit-kamado\/\"]}]},{\"@type\":\"ImageObject\",\"inLanguage\":\"en-US\",\"@id\":\"https:\/\/www.bbqpartseurope.eu\/en\/charcoal-barbecues\/weber\/summit-kamado\/#primaryimage\",\"url\":\"https:\/\/www.bbqpartseurope.eu\/wp-content\/uploads\/2026\/01\/kamado.png\",\"contentUrl\":\"https:\/\/www.bbqpartseurope.eu\/wp-content\/uploads\/2026\/01\/kamado.png\",\"width\":600,\"height\":600},{\"@type\":\"BreadcrumbList\",\"@id\":\"https:\/\/www.bbqpartseurope.eu\/en\/charcoal-barbecues\/weber\/summit-kamado\/#breadcrumb\",\"itemListElement\":[{\"@type\":\"ListItem\",\"position\":1,\"name\":\"Home\",\"item\":\"https:\/\/www.bbqpartseurope.eu\/en\/\"},{\"@type\":\"ListItem\",\"position\":2,\"name\":\"Parts for Charcoal Barbecues\",\"item\":\"https:\/\/www.bbqpartseurope.eu\/en\/charcoal-barbecues\/\"},{\"@type\":\"ListItem\",\"position\":3,\"name\":\"Weber\",\"item\":\"https:\/\/www.bbqpartseurope.eu\/en\/charcoal-barbecues\/weber\/\"},{\"@type\":\"ListItem\",\"position\":4,\"name\":\"Summit Houtskoolbarbecue\"}]},{\"@type\":\"WebSite\",\"@id\":\"https:\/\/www.bbqpartseurope.eu\/en\/#website\",\"url\":\"https:\/\/www.bbqpartseurope.eu\/en\/\",\"name\":\"BBQPARTS EUROPE\",\"description\":\"\",\"potentialAction\":[{\"@type\":\"SearchAction\",\"target\":{\"@type\":\"EntryPoint\",\"urlTemplate\":\"https:\/\/www.bbqpartseurope.eu\/en\/?s={search_term_string}\"},\"query-input\":{\"@type\":\"PropertyValueSpecification\",\"valueRequired\":true,\"valueName\":\"search_term_string\"}}],\"inLanguage\":\"en-US\"}]}<\/script>\n<!-- \/ Yoast SEO plugin. -->","yoast_head_json":{"title":"Summit Houtskoolbarbecue &#8211; BBQPARTS EUROPE","robots":{"index":"index","follow":"follow","max-snippet":"max-snippet:-1","max-image-preview":"max-image-preview:large","max-video-preview":"max-video-preview:-1"},"canonical":"https:\/\/www.bbqpartseurope.eu\/en\/charcoal-barbecues\/weber\/summit-kamado\/","og_locale":"en_US","og_type":"article","og_title":"Summit Houtskoolbarbecue &#8211; BBQPARTS EUROPE","og_description":"De Weber Summit houtskoolbarbecue staat bekend als het topsegment binnen de houtskoolbarbecues en biedt maximale controle, capaciteit en prestaties. Dit model is ideaal voor fanatieke barbecue\u00ebrs die willen grillen, roken \u00e9n slow cooken op \u00e9\u00e9n barbecue. Bij BBQ Parts Europe vind je een uitgebreid assortiment originele Weber Summit onderdelen en accessoires, perfect afgestemd op deze [&hellip;]","og_url":"https:\/\/www.bbqpartseurope.eu\/en\/charcoal-barbecues\/weber\/summit-kamado\/","og_site_name":"BBQPARTS EUROPE","article_modified_time":"2026-02-06T10:40:01+00:00","og_image":[{"width":600,"height":600,"url":"https:\/\/www.bbqpartseurope.eu\/wp-content\/uploads\/2026\/01\/kamado.png","type":"image\/png"}],"twitter_card":"summary_large_image","twitter_misc":{"Est. reading time":"1 minute"},"schema":{"@context":"https:\/\/schema.org","@graph":[{"@type":"WebPage","@id":"https:\/\/www.bbqpartseurope.eu\/en\/charcoal-barbecues\/weber\/summit-kamado\/","url":"https:\/\/www.bbqpartseurope.eu\/en\/charcoal-barbecues\/weber\/summit-kamado\/","name":"Summit Houtskoolbarbecue &#8211; BBQPARTS EUROPE","isPartOf":{"@id":"https:\/\/www.bbqpartseurope.eu\/en\/#website"},"primaryImageOfPage":{"@id":"https:\/\/www.bbqpartseurope.eu\/en\/charcoal-barbecues\/weber\/summit-kamado\/#primaryimage"},"image":{"@id":"https:\/\/www.bbqpartseurope.eu\/en\/charcoal-barbecues\/weber\/summit-kamado\/#primaryimage"},"thumbnailUrl":"https:\/\/www.bbqpartseurope.eu\/wp-content\/uploads\/2026\/01\/kamado.png","datePublished":"2026-01-02T15:01:41+00:00","dateModified":"2026-02-06T10:40:01+00:00","breadcrumb":{"@id":"https:\/\/www.bbqpartseurope.eu\/en\/charcoal-barbecues\/weber\/summit-kamado\/#breadcrumb"},"inLanguage":"en-US","potentialAction":[{"@type":"ReadAction","target":["https:\/\/www.bbqpartseurope.eu\/en\/charcoal-barbecues\/weber\/summit-kamado\/"]}]},{"@type":"ImageObject","inLanguage":"en-US","@id":"https:\/\/www.bbqpartseurope.eu\/en\/charcoal-barbecues\/weber\/summit-kamado\/#primaryimage","url":"https:\/\/www.bbqpartseurope.eu\/wp-content\/uploads\/2026\/01\/kamado.png","contentUrl":"https:\/\/www.bbqpartseurope.eu\/wp-content\/uploads\/2026\/01\/kamado.png","width":600,"height":600},{"@type":"BreadcrumbList","@id":"https:\/\/www.bbqpartseurope.eu\/en\/charcoal-barbecues\/weber\/summit-kamado\/#breadcrumb","itemListElement":[{"@type":"ListItem","position":1,"name":"Home","item":"https:\/\/www.bbqpartseurope.eu\/en\/"},{"@type":"ListItem","position":2,"name":"Parts for Charcoal Barbecues","item":"https:\/\/www.bbqpartseurope.eu\/en\/charcoal-barbecues\/"},{"@type":"ListItem","position":3,"name":"Weber","item":"https:\/\/www.bbqpartseurope.eu\/en\/charcoal-barbecues\/weber\/"},{"@type":"ListItem","position":4,"name":"Summit Houtskoolbarbecue"}]},{"@type":"WebSite","@id":"https:\/\/www.bbqpartseurope.eu\/en\/#website","url":"https:\/\/www.bbqpartseurope.eu\/en\/","name":"BBQPARTS EUROPE","description":"","potentialAction":[{"@type":"SearchAction","target":{"@type":"EntryPoint","urlTemplate":"https:\/\/www.bbqpartseurope.eu\/en\/?s={search_term_string}"},"query-input":{"@type":"PropertyValueSpecification","valueRequired":true,"valueName":"search_term_string"}}],"inLanguage":"en-US"}]}},"_links":{"self":[{"href":"https:\/\/www.bbqpartseurope.eu\/en\/wp-json\/wp\/v2\/pages\/2908","targetHints":{"allow":["GET"]}}],"collection":[{"href":"https:\/\/www.bbqpartseurope.eu\/en\/wp-json\/wp\/v2\/pages"}],"about":[{"href":"https:\/\/www.bbqpartseurope.eu\/en\/wp-json\/wp\/v2\/types\/page"}],"author":[{"embeddable":true,"href":"https:\/\/www.bbqpartseurope.eu\/en\/wp-json\/wp\/v2\/users\/1"}],"replies":[{"embeddable":true,"href":"https:\/\/www.bbqpartseurope.eu\/en\/wp-json\/wp\/v2\/comments?post=2908"}],"version-history":[{"count":1,"href":"https:\/\/www.bbqpartseurope.eu\/en\/wp-json\/wp\/v2\/pages\/2908\/revisions"}],"predecessor-version":[{"id":4946,"href":"https:\/\/www.bbqpartseurope.eu\/en\/wp-json\/wp\/v2\/pages\/2908\/revisions\/4946"}],"up":[{"embeddable":true,"href":"https:\/\/www.bbqpartseurope.eu\/en\/wp-json\/wp\/v2\/pages\/329"}],"wp:featuredmedia":[{"embeddable":true,"href":"https:\/\/www.bbqpartseurope.eu\/en\/wp-json\/wp\/v2\/media\/320"}],"wp:attachment":[{"href":"https:\/\/www.bbqpartseurope.eu\/en\/wp-json\/wp\/v2\/media?parent=2908"}],"curies":[{"name":"wp","href":"https:\/\/api.w.org\/{rel}","templated":true}]}}